{"id":2887,"date":"2024-02-16T18:48:15","date_gmt":"2024-02-16T18:48:15","guid":{"rendered":"https:\/\/ecovelodesiles.com\/?page_id=2887"},"modified":"2024-05-10T16:37:26","modified_gmt":"2024-05-10T16:37:26","slug":"conversion-electrique","status":"publish","type":"page","link":"https:\/\/ecovelodesiles.com\/en\/conversion-electrique\/","title":{"rendered":"Electric Conversion"},"content":{"rendered":"<div data-elementor-type=\"wp-page\" data-elementor-id=\"2887\" class=\"elementor elementor-2887\">\n\t\t\t\t\t\t<section class=\"elementor-section elementor-top-section elementor-element elementor-element-b642749 elementor-section-height-min-height elementor-section-boxed elementor-section-height-default elementor-section-items-middle\" data-id=\"b642749\" data-element_type=\"section\" data-e-type=\"section\" data-settings=\"{&quot;background_background&quot;:&quot;classic&quot;}\">\n\t\t\t\t\t\t\t<div class=\"elementor-background-overlay\"><\/div>\n\t\t\t\t\t\t\t<div class=\"elementor-container elementor-column-gap-default\">\n\t\t\t\t\t<div class=\"elementor-column elementor-col-100 elementor-top-column elementor-element elementor-element-8b1c2e8\" data-id=\"8b1c2e8\" data-element_type=\"column\" data-e-type=\"column\">\n\t\t\t<div class=\"elementor-widget-wrap elementor-element-populated\">\n\t\t\t\t\t\t<div class=\"elementor-element elementor-element-380bea0 elementor-widget elementor-widget-heading\" data-id=\"380bea0\" data-element_type=\"widget\" data-e-type=\"widget\" data-widget_type=\"heading.default\">\n\t\t\t\t<div class=\"elementor-widget-container\">\n\t\t\t\t\t<h1 class=\"elementor-heading-title elementor-size-default\">Electric Conversion<\/h1>\t\t\t\t<\/div>\n\t\t\t\t<\/div>\n\t\t\t\t\t<\/div>\n\t\t<\/div>\n\t\t\t\t\t<\/div>\n\t\t<\/section>\n\t\t\t\t<section class=\"elementor-section elementor-top-section elementor-element elementor-element-7c5df8b elementor-section-boxed elementor-section-height-default elementor-section-height-default\" data-id=\"7c5df8b\" data-element_type=\"section\" data-e-type=\"section\">\n\t\t\t\t\t\t<div class=\"elementor-container elementor-column-gap-default\">\n\t\t\t\t\t<div class=\"elementor-column elementor-col-100 elementor-top-column elementor-element elementor-element-2440afb\" data-id=\"2440afb\" data-element_type=\"column\" data-e-type=\"column\">\n\t\t\t<div class=\"elementor-widget-wrap elementor-element-populated\">\n\t\t\t\t\t\t<div class=\"elementor-element elementor-element-4ff6903 elementor-widget elementor-widget-heading\" data-id=\"4ff6903\" data-element_type=\"widget\" data-e-type=\"widget\" data-widget_type=\"heading.default\">\n\t\t\t\t<div class=\"elementor-widget-container\">\n\t\t\t\t\t<h2 class=\"elementor-heading-title elementor-size-default\">Ugo Cycle electric conversion set<\/h2>\t\t\t\t<\/div>\n\t\t\t\t<\/div>\n\t\t\t\t<div class=\"elementor-element elementor-element-a4934c7 elementor-widget-divider--view-line elementor-widget elementor-widget-divider\" data-id=\"a4934c7\" data-element_type=\"widget\" data-e-type=\"widget\" data-widget_type=\"divider.default\">\n\t\t\t\t<div class=\"elementor-widget-container\">\n\t\t\t\t\t\t\t<div class=\"elementor-divider\">\n\t\t\t<span class=\"elementor-divider-separator\">\n\t\t\t\t\t\t<\/span>\n\t\t<\/div>\n\t\t\t\t\t\t<\/div>\n\t\t\t\t<\/div>\n\t\t\t\t<div class=\"elementor-element elementor-element-48ce78a elementor-widget elementor-widget-text-editor\" data-id=\"48ce78a\" data-element_type=\"widget\" data-e-type=\"widget\" data-widget_type=\"text-editor.default\">\n\t\t\t\t<div class=\"elementor-widget-container\">\n\t\t\t\t\t\t\t\t\t<p>Our electrical conversion service is done using the Ugo Cycle brand conversion set.\u00a0\u00a0<\/p><p>To do this, you must bring your bike to our shop located in l'\u00c9tang-du-Nord. We will then make a compatibility assessment.\u00a0<\/p>\t\t\t\t\t\t\t\t<\/div>\n\t\t\t\t<\/div>\n\t\t\t\t\t<\/div>\n\t\t<\/div>\n\t\t\t\t\t<\/div>\n\t\t<\/section>\n\t\t\t\t<section class=\"elementor-section elementor-top-section elementor-element elementor-element-ec5eca9 elementor-section-boxed elementor-section-height-default elementor-section-height-default\" data-id=\"ec5eca9\" data-element_type=\"section\" data-e-type=\"section\">\n\t\t\t\t\t\t<div class=\"elementor-container elementor-column-gap-default\">\n\t\t\t\t\t<div class=\"elementor-column elementor-col-100 elementor-top-column elementor-element elementor-element-ffa38bd\" data-id=\"ffa38bd\" data-element_type=\"column\" data-e-type=\"column\">\n\t\t\t<div class=\"elementor-widget-wrap elementor-element-populated\">\n\t\t\t\t\t\t<div class=\"elementor-element elementor-element-ffd610c elementor-widget elementor-widget-heading\" data-id=\"ffd610c\" data-element_type=\"widget\" data-e-type=\"widget\" data-widget_type=\"heading.default\">\n\t\t\t\t<div class=\"elementor-widget-container\">\n\t\t\t\t\t<h3 class=\"elementor-heading-title elementor-size-default\">Service Description:<\/h3>\t\t\t\t<\/div>\n\t\t\t\t<\/div>\n\t\t\t\t<div class=\"elementor-element elementor-element-047ca32 elementor-widget elementor-widget-text-editor\" data-id=\"047ca32\" data-element_type=\"widget\" data-e-type=\"widget\" data-widget_type=\"text-editor.default\">\n\t\t\t\t<div class=\"elementor-widget-container\">\n\t\t\t\t\t\t\t\t\t<ul><li>Compatibility with any type of bike \u2013 Hybrid Bike, Fat-bike, Mountain Bike.<\/li><li>500 Watt pedal assist motor<\/li><li>Batteries: 48 Volts, 12.8 Ah ou 15 Ah<\/li><li>Two types of motor hubs<\/li><li>Execution time: 4 hours<\/li><\/ul><p><span style=\"text-decoration: underline;\"><strong>Price:<\/strong><\/span>\u00a0<\/p><p class=\"translation-block\">For a regular bike with a 12.8 Ah battery \u2013 <span style=\"text-decoration: underline\">$1,299 installation included<\/span>.<\/p><p class=\"translation-block\">For a Fat-Bike or Mountain bike with a 15 Ah battery \u2013 <span style=\"text-decoration: underline\">$1,499 installation included<\/span>.<\/p>\t\t\t\t\t\t\t\t<\/div>\n\t\t\t\t<\/div>\n\t\t\t\t\t<\/div>\n\t\t<\/div>\n\t\t\t\t\t<\/div>\n\t\t<\/section>\n\t\t\t\t<section class=\"elementor-section elementor-top-section elementor-element elementor-element-614da80 elementor-section-boxed elementor-section-height-default elementor-section-height-default\" data-id=\"614da80\" data-element_type=\"section\" data-e-type=\"section\">\n\t\t\t\t\t\t<div class=\"elementor-container elementor-column-gap-default\">\n\t\t\t\t\t<div class=\"elementor-column elementor-col-100 elementor-top-column elementor-element elementor-element-ca867c5\" data-id=\"ca867c5\" data-element_type=\"column\" data-e-type=\"column\">\n\t\t\t<div class=\"elementor-widget-wrap elementor-element-populated\">\n\t\t\t\t\t\t<div class=\"elementor-element elementor-element-61e50d1 elementor-widget elementor-widget-heading\" data-id=\"61e50d1\" data-element_type=\"widget\" data-e-type=\"widget\" data-widget_type=\"heading.default\">\n\t\t\t\t<div class=\"elementor-widget-container\">\n\t\t\t\t\t<h3 class=\"elementor-heading-title elementor-size-default\">Here is an example of one of our conversions:<\/h3>\t\t\t\t<\/div>\n\t\t\t\t<\/div>\n\t\t\t\t<section class=\"elementor-section elementor-inner-section elementor-element elementor-element-5a97064 elementor-section-boxed elementor-section-height-default elementor-section-height-default\" data-id=\"5a97064\" data-element_type=\"section\" data-e-type=\"section\">\n\t\t\t\t\t\t<div class=\"elementor-container elementor-column-gap-default\">\n\t\t\t\t\t<div class=\"elementor-column elementor-col-50 elementor-inner-column elementor-element elementor-element-1476b85\" data-id=\"1476b85\" data-element_type=\"column\" data-e-type=\"column\">\n\t\t\t<div class=\"elementor-widget-wrap elementor-element-populated\">\n\t\t\t\t\t\t<div class=\"elementor-element elementor-element-c00fdd1 elementor-widget elementor-widget-image\" data-id=\"c00fdd1\" data-element_type=\"widget\" data-e-type=\"widget\" data-widget_type=\"image.default\">\n\t\t\t\t<div class=\"elementor-widget-container\">\n\t\t\t\t\t\t\t\t\t\t\t\t\t\t\t<img fetchpriority=\"high\" decoding=\"async\" width=\"1024\" height=\"768\" src=\"https:\/\/ecovelodesiles.com\/wp-content\/uploads\/2024\/02\/1-Velo-conversion-1024x768.webp\" class=\"attachment-large size-large wp-image-2897\" alt=\"Exemple de v\u00e9lo converti en v\u00e9lo \u00e0 assistance \u00e9lectrique\" srcset=\"https:\/\/ecovelodesiles.com\/wp-content\/uploads\/2024\/02\/1-Velo-conversion-1024x768.webp 1024w, https:\/\/ecovelodesiles.com\/wp-content\/uploads\/2024\/02\/1-Velo-conversion-300x225.webp 300w, https:\/\/ecovelodesiles.com\/wp-content\/uploads\/2024\/02\/1-Velo-conversion-768x576.webp 768w, https:\/\/ecovelodesiles.com\/wp-content\/uploads\/2024\/02\/1-Velo-conversion.webp 1080w\" sizes=\"(max-width: 1024px) 100vw, 1024px\" \/>\t\t\t\t\t\t\t\t\t\t\t\t\t\t\t<\/div>\n\t\t\t\t<\/div>\n\t\t\t\t\t<\/div>\n\t\t<\/div>\n\t\t\t\t<div class=\"elementor-column elementor-col-50 elementor-inner-column elementor-element elementor-element-5fcd3f5\" data-id=\"5fcd3f5\" data-element_type=\"column\" data-e-type=\"column\">\n\t\t\t<div class=\"elementor-widget-wrap elementor-element-populated\">\n\t\t\t\t\t\t<div class=\"elementor-element elementor-element-4b23bf4 elementor-widget elementor-widget-image\" data-id=\"4b23bf4\" data-element_type=\"widget\" data-e-type=\"widget\" data-widget_type=\"image.default\">\n\t\t\t\t<div class=\"elementor-widget-container\">\n\t\t\t\t\t\t\t\t\t\t\t\t\t\t\t<img decoding=\"async\" width=\"1024\" height=\"768\" src=\"https:\/\/ecovelodesiles.com\/wp-content\/uploads\/2024\/02\/ecran-conversion-1024x768.webp\" class=\"attachment-large size-large wp-image-2899\" alt=\"\u00c9cran de l&#039;ensemble de conversion \u00e9lectrique\" srcset=\"https:\/\/ecovelodesiles.com\/wp-content\/uploads\/2024\/02\/ecran-conversion-1024x768.webp 1024w, https:\/\/ecovelodesiles.com\/wp-content\/uploads\/2024\/02\/ecran-conversion-300x225.webp 300w, https:\/\/ecovelodesiles.com\/wp-content\/uploads\/2024\/02\/ecran-conversion-768x576.webp 768w, https:\/\/ecovelodesiles.com\/wp-content\/uploads\/2024\/02\/ecran-conversion.webp 1080w\" sizes=\"(max-width: 1024px) 100vw, 1024px\" \/>\t\t\t\t\t\t\t\t\t\t\t\t\t\t\t<\/div>\n\t\t\t\t<\/div>\n\t\t\t\t\t<\/div>\n\t\t<\/div>\n\t\t\t\t\t<\/div>\n\t\t<\/section>\n\t\t\t\t<section class=\"elementor-section elementor-inner-section elementor-element elementor-element-82654cd elementor-section-boxed elementor-section-height-default elementor-section-height-default\" data-id=\"82654cd\" data-element_type=\"section\" data-e-type=\"section\">\n\t\t\t\t\t\t<div class=\"elementor-container elementor-column-gap-default\">\n\t\t\t\t\t<div class=\"elementor-column elementor-col-100 elementor-inner-column elementor-element elementor-element-03ed5cd\" data-id=\"03ed5cd\" data-element_type=\"column\" data-e-type=\"column\">\n\t\t\t<div class=\"elementor-widget-wrap elementor-element-populated\">\n\t\t\t\t\t\t<div class=\"elementor-element elementor-element-001f1d0 elementor-widget elementor-widget-image\" data-id=\"001f1d0\" data-element_type=\"widget\" data-e-type=\"widget\" data-widget_type=\"image.default\">\n\t\t\t\t<div class=\"elementor-widget-container\">\n\t\t\t\t\t\t\t\t\t\t\t\t\t\t\t<img decoding=\"async\" width=\"1024\" height=\"537\" src=\"https:\/\/ecovelodesiles.com\/wp-content\/uploads\/2024\/02\/Kit-Ugocycle-1024x537.webp\" class=\"attachment-large size-large wp-image-2900\" alt=\"Ensemble de conversion \u00e9lectrique Ugo Cycle\" srcset=\"https:\/\/ecovelodesiles.com\/wp-content\/uploads\/2024\/02\/Kit-Ugocycle-1024x537.webp 1024w, https:\/\/ecovelodesiles.com\/wp-content\/uploads\/2024\/02\/Kit-Ugocycle-300x157.webp 300w, https:\/\/ecovelodesiles.com\/wp-content\/uploads\/2024\/02\/Kit-Ugocycle-768x403.webp 768w, https:\/\/ecovelodesiles.com\/wp-content\/uploads\/2024\/02\/Kit-Ugocycle-1536x806.webp 1536w, https:\/\/ecovelodesiles.com\/wp-content\/uploads\/2024\/02\/Kit-Ugocycle.webp 1920w\" sizes=\"(max-width: 1024px) 100vw, 1024px\" \/>\t\t\t\t\t\t\t\t\t\t\t\t\t\t\t<\/div>\n\t\t\t\t<\/div>\n\t\t\t\t\t<\/div>\n\t\t<\/div>\n\t\t\t\t\t<\/div>\n\t\t<\/section>\n\t\t\t\t\t<\/div>\n\t\t<\/div>\n\t\t\t\t\t<\/div>\n\t\t<\/section>\n\t\t\t\t<\/div>","protected":false},"excerpt":{"rendered":"<p>Conversion \u00c9lectrique Ensemble de conversion \u00e9lectrique Ugo Cycle Notre service de conversion \u00e9lectrique se fait \u00e0 l&#8217;aide de l&#8217;ensemble de conversion de la marque Ugo Cycle.\u00a0\u00a0 Pour ce faire, vous devez apporter votre v\u00e9lo \u00e0 notre boutique situ\u00e9e \u00e0 l&#8217;\u00c9tang-du-Nord. Nous ferons alors une \u00e9valuation de compatibilit\u00e9.\u00a0 Description du service: Compatibilit\u00e9 avec tout style de [&hellip;]<\/p>\n","protected":false},"author":2,"featured_media":0,"parent":0,"menu_order":0,"comment_status":"closed","ping_status":"closed","template":"","meta":{"nf_dc_page":"","site-sidebar-layout":"no-sidebar","site-content-layout":"page-builder","ast-site-content-layout":"full-width-container","site-content-style":"default","site-sidebar-style":"default","ast-global-header-display":"","ast-banner-title-visibility":"","ast-main-header-display":"","ast-hfb-above-header-display":"","ast-hfb-below-header-display":"","ast-hfb-mobile-header-display":"","site-post-title":"disabled","ast-breadcrumbs-content":"","ast-featured-img":"disabled","footer-sml-layout":"","ast-disable-related-posts":"","theme-transparent-header-meta":"","adv-header-id-meta":"","stick-header-meta":"","header-above-stick-meta":"","header-main-stick-meta":"","header-below-stick-meta":"","astra-migrate-meta-layouts":"set","ast-page-background-enabled":"default","ast-page-background-meta":{"desktop":{"background-color":"var(--ast-global-color-4)","background-image":"","background-repeat":"repeat","background-position":"center center","background-size":"auto","background-attachment":"scroll","background-type":"","background-media":"","overlay-type":"","overlay-color":"","overlay-opacity":"","overlay-gradient":""},"tablet":{"background-color":"","background-image":"","background-repeat":"repeat","background-position":"center center","background-size":"auto","background-attachment":"scroll","background-type":"","background-media":"","overlay-type":"","overlay-color":"","overlay-opacity":"","overlay-gradient":""},"mobile":{"background-color":"","background-image":"","background-repeat":"repeat","background-position":"center center","background-size":"auto","background-attachment":"scroll","background-type":"","background-media":"","overlay-type":"","overlay-color":"","overlay-opacity":"","overlay-gradient":""}},"ast-content-background-meta":{"desktop":{"background-color":"var(--ast-global-color-5)","background-image":"","background-repeat":"repeat","background-position":"center center","background-size":"auto","background-attachment":"scroll","background-type":"","background-media":"","overlay-type":"","overlay-color":"","overlay-opacity":"","overlay-gradient":""},"tablet":{"background-color":"var(--ast-global-color-5)","background-image":"","background-repeat":"repeat","background-position":"center center","background-size":"auto","background-attachment":"scroll","background-type":"","background-media":"","overlay-type":"","overlay-color":"","overlay-opacity":"","overlay-gradient":""},"mobile":{"background-color":"var(--ast-global-color-5)","background-image":"","background-repeat":"repeat","background-position":"center center","background-size":"auto","background-attachment":"scroll","background-type":"","background-media":"","overlay-type":"","overlay-color":"","overlay-opacity":"","overlay-gradient":""}},"footnotes":""},"class_list":["post-2887","page","type-page","status-publish","hentry"],"yoast_head":"<!-- This site is optimized with the Yoast SEO plugin v27.4 - https:\/\/yoast.com\/product\/yoast-seo-wordpress\/ -->\n<title>Convertir votre v\u00e9lo en v\u00e9lo \u00e9lectrique | \u00c9co-v\u00e9lo des \u00eeles<\/title>\n<meta name=\"description\" content=\"Vous pouvez maintenant convertir votre v\u00e9lo standard en v\u00e9lo \u00e0 assistance \u00e9lectrique gr\u00e2ce \u00e0 notre ensemble de conversion Ugo Cycle.\" \/>\n<meta name=\"robots\" content=\"index, follow, max-snippet:-1, max-image-preview:large, max-video-preview:-1\" \/>\n<link rel=\"canonical\" href=\"https:\/\/ecovelodesiles.com\/en\/conversion-electrique\/\" \/>\n<meta property=\"og:locale\" content=\"en_US\" \/>\n<meta property=\"og:type\" content=\"article\" \/>\n<meta property=\"og:title\" content=\"Convertir votre v\u00e9lo en v\u00e9lo \u00e9lectrique | \u00c9co-v\u00e9lo des \u00eeles\" \/>\n<meta property=\"og:description\" content=\"Vous pouvez maintenant convertir votre v\u00e9lo standard en v\u00e9lo \u00e0 assistance \u00e9lectrique gr\u00e2ce \u00e0 notre ensemble de conversion Ugo Cycle.\" \/>\n<meta property=\"og:url\" content=\"https:\/\/ecovelodesiles.com\/en\/conversion-electrique\/\" \/>\n<meta property=\"og:site_name\" content=\"\u00c9co-v\u00e9lo des \u00eeles\" \/>\n<meta property=\"article:publisher\" content=\"https:\/\/www.facebook.com\/ecovelodesiles\" \/>\n<meta property=\"article:modified_time\" content=\"2024-05-10T16:37:26+00:00\" \/>\n<meta property=\"og:image\" content=\"https:\/\/ecovelodesiles.com\/wp-content\/uploads\/2024\/02\/1-Velo-conversion-1024x768.webp\" \/>\n<meta name=\"twitter:card\" content=\"summary_large_image\" \/>\n<script type=\"application\/ld+json\" class=\"yoast-schema-graph\">{\"@context\":\"https:\\\/\\\/schema.org\",\"@graph\":[{\"@type\":\"WebPage\",\"@id\":\"https:\\\/\\\/ecovelodesiles.com\\\/conversion-electrique\\\/\",\"url\":\"https:\\\/\\\/ecovelodesiles.com\\\/conversion-electrique\\\/\",\"name\":\"Convertir votre v\u00e9lo en v\u00e9lo \u00e9lectrique | \u00c9co-v\u00e9lo des \u00eeles\",\"isPartOf\":{\"@id\":\"https:\\\/\\\/ecovelodesiles.com\\\/#website\"},\"primaryImageOfPage\":{\"@id\":\"https:\\\/\\\/ecovelodesiles.com\\\/conversion-electrique\\\/#primaryimage\"},\"image\":{\"@id\":\"https:\\\/\\\/ecovelodesiles.com\\\/conversion-electrique\\\/#primaryimage\"},\"thumbnailUrl\":\"https:\\\/\\\/ecovelodesiles.com\\\/wp-content\\\/uploads\\\/2024\\\/02\\\/1-Velo-conversion-1024x768.webp\",\"datePublished\":\"2024-02-16T18:48:15+00:00\",\"dateModified\":\"2024-05-10T16:37:26+00:00\",\"description\":\"Vous pouvez maintenant convertir votre v\u00e9lo standard en v\u00e9lo \u00e0 assistance \u00e9lectrique gr\u00e2ce \u00e0 notre ensemble de conversion Ugo Cycle.\",\"breadcrumb\":{\"@id\":\"https:\\\/\\\/ecovelodesiles.com\\\/conversion-electrique\\\/#breadcrumb\"},\"inLanguage\":\"en-CA\",\"potentialAction\":[{\"@type\":\"ReadAction\",\"target\":[\"https:\\\/\\\/ecovelodesiles.com\\\/conversion-electrique\\\/\"]}]},{\"@type\":\"ImageObject\",\"inLanguage\":\"en-CA\",\"@id\":\"https:\\\/\\\/ecovelodesiles.com\\\/conversion-electrique\\\/#primaryimage\",\"url\":\"https:\\\/\\\/ecovelodesiles.com\\\/wp-content\\\/uploads\\\/2024\\\/02\\\/1-Velo-conversion-1024x768.webp\",\"contentUrl\":\"https:\\\/\\\/ecovelodesiles.com\\\/wp-content\\\/uploads\\\/2024\\\/02\\\/1-Velo-conversion-1024x768.webp\"},{\"@type\":\"BreadcrumbList\",\"@id\":\"https:\\\/\\\/ecovelodesiles.com\\\/conversion-electrique\\\/#breadcrumb\",\"itemListElement\":[{\"@type\":\"ListItem\",\"position\":1,\"name\":\"Home\",\"item\":\"https:\\\/\\\/ecovelodesiles.com\\\/\"},{\"@type\":\"ListItem\",\"position\":2,\"name\":\"Conversion \u00c9lectrique\"}]},{\"@type\":\"WebSite\",\"@id\":\"https:\\\/\\\/ecovelodesiles.com\\\/#website\",\"url\":\"https:\\\/\\\/ecovelodesiles.com\\\/\",\"name\":\"\u00c9co-v\u00e9lo des \u00eeles\",\"description\":\"Location et vente de v\u00e9lo \u00e0 assistance \u00e9lectrique\",\"publisher\":{\"@id\":\"https:\\\/\\\/ecovelodesiles.com\\\/#organization\"},\"potentialAction\":[{\"@type\":\"SearchAction\",\"target\":{\"@type\":\"EntryPoint\",\"urlTemplate\":\"https:\\\/\\\/ecovelodesiles.com\\\/?s={search_term_string}\"},\"query-input\":{\"@type\":\"PropertyValueSpecification\",\"valueRequired\":true,\"valueName\":\"search_term_string\"}}],\"inLanguage\":\"en-CA\"},{\"@type\":\"Organization\",\"@id\":\"https:\\\/\\\/ecovelodesiles.com\\\/#organization\",\"name\":\"\u00c9co-v\u00e9lo des \u00eeles\",\"url\":\"https:\\\/\\\/ecovelodesiles.com\\\/\",\"logo\":{\"@type\":\"ImageObject\",\"inLanguage\":\"en-CA\",\"@id\":\"https:\\\/\\\/ecovelodesiles.com\\\/#\\\/schema\\\/logo\\\/image\\\/\",\"url\":\"https:\\\/\\\/ecovelodesiles.com\\\/wp-content\\\/uploads\\\/2022\\\/08\\\/cropped-LogoMakr-2zoVgw.png\",\"contentUrl\":\"https:\\\/\\\/ecovelodesiles.com\\\/wp-content\\\/uploads\\\/2022\\\/08\\\/cropped-LogoMakr-2zoVgw.png\",\"width\":199,\"height\":112,\"caption\":\"\u00c9co-v\u00e9lo des \u00eeles\"},\"image\":{\"@id\":\"https:\\\/\\\/ecovelodesiles.com\\\/#\\\/schema\\\/logo\\\/image\\\/\"},\"sameAs\":[\"https:\\\/\\\/www.facebook.com\\\/ecovelodesiles\",\"https:\\\/\\\/www.instagram.com\\\/eco_velo_des_iles\\\/?hl=en\"]}]}<\/script>\n<!-- \/ Yoast SEO plugin. -->","yoast_head_json":{"title":"Convertir votre v\u00e9lo en v\u00e9lo \u00e9lectrique | \u00c9co-v\u00e9lo des \u00eeles","description":"Vous pouvez maintenant convertir votre v\u00e9lo standard en v\u00e9lo \u00e0 assistance \u00e9lectrique gr\u00e2ce \u00e0 notre ensemble de conversion Ugo Cycle.","robots":{"index":"index","follow":"follow","max-snippet":"max-snippet:-1","max-image-preview":"max-image-preview:large","max-video-preview":"max-video-preview:-1"},"canonical":"https:\/\/ecovelodesiles.com\/en\/conversion-electrique\/","og_locale":"en_US","og_type":"article","og_title":"Convertir votre v\u00e9lo en v\u00e9lo \u00e9lectrique | \u00c9co-v\u00e9lo des \u00eeles","og_description":"Vous pouvez maintenant convertir votre v\u00e9lo standard en v\u00e9lo \u00e0 assistance \u00e9lectrique gr\u00e2ce \u00e0 notre ensemble de conversion Ugo Cycle.","og_url":"https:\/\/ecovelodesiles.com\/en\/conversion-electrique\/","og_site_name":"\u00c9co-v\u00e9lo des \u00eeles","article_publisher":"https:\/\/www.facebook.com\/ecovelodesiles","article_modified_time":"2024-05-10T16:37:26+00:00","og_image":[{"url":"https:\/\/ecovelodesiles.com\/wp-content\/uploads\/2024\/02\/1-Velo-conversion-1024x768.webp","type":"","width":"","height":""}],"twitter_card":"summary_large_image","schema":{"@context":"https:\/\/schema.org","@graph":[{"@type":"WebPage","@id":"https:\/\/ecovelodesiles.com\/conversion-electrique\/","url":"https:\/\/ecovelodesiles.com\/conversion-electrique\/","name":"Convertir votre v\u00e9lo en v\u00e9lo \u00e9lectrique | \u00c9co-v\u00e9lo des \u00eeles","isPartOf":{"@id":"https:\/\/ecovelodesiles.com\/#website"},"primaryImageOfPage":{"@id":"https:\/\/ecovelodesiles.com\/conversion-electrique\/#primaryimage"},"image":{"@id":"https:\/\/ecovelodesiles.com\/conversion-electrique\/#primaryimage"},"thumbnailUrl":"https:\/\/ecovelodesiles.com\/wp-content\/uploads\/2024\/02\/1-Velo-conversion-1024x768.webp","datePublished":"2024-02-16T18:48:15+00:00","dateModified":"2024-05-10T16:37:26+00:00","description":"Vous pouvez maintenant convertir votre v\u00e9lo standard en v\u00e9lo \u00e0 assistance \u00e9lectrique gr\u00e2ce \u00e0 notre ensemble de conversion Ugo Cycle.","breadcrumb":{"@id":"https:\/\/ecovelodesiles.com\/conversion-electrique\/#breadcrumb"},"inLanguage":"en-CA","potentialAction":[{"@type":"ReadAction","target":["https:\/\/ecovelodesiles.com\/conversion-electrique\/"]}]},{"@type":"ImageObject","inLanguage":"en-CA","@id":"https:\/\/ecovelodesiles.com\/conversion-electrique\/#primaryimage","url":"https:\/\/ecovelodesiles.com\/wp-content\/uploads\/2024\/02\/1-Velo-conversion-1024x768.webp","contentUrl":"https:\/\/ecovelodesiles.com\/wp-content\/uploads\/2024\/02\/1-Velo-conversion-1024x768.webp"},{"@type":"BreadcrumbList","@id":"https:\/\/ecovelodesiles.com\/conversion-electrique\/#breadcrumb","itemListElement":[{"@type":"ListItem","position":1,"name":"Home","item":"https:\/\/ecovelodesiles.com\/"},{"@type":"ListItem","position":2,"name":"Conversion \u00c9lectrique"}]},{"@type":"WebSite","@id":"https:\/\/ecovelodesiles.com\/#website","url":"https:\/\/ecovelodesiles.com\/","name":"\u00c9co-v\u00e9lo des \u00eeles","description":"Location et vente de v\u00e9lo \u00e0 assistance \u00e9lectrique","publisher":{"@id":"https:\/\/ecovelodesiles.com\/#organization"},"potentialAction":[{"@type":"SearchAction","target":{"@type":"EntryPoint","urlTemplate":"https:\/\/ecovelodesiles.com\/?s={search_term_string}"},"query-input":{"@type":"PropertyValueSpecification","valueRequired":true,"valueName":"search_term_string"}}],"inLanguage":"en-CA"},{"@type":"Organization","@id":"https:\/\/ecovelodesiles.com\/#organization","name":"\u00c9co-v\u00e9lo des \u00eeles","url":"https:\/\/ecovelodesiles.com\/","logo":{"@type":"ImageObject","inLanguage":"en-CA","@id":"https:\/\/ecovelodesiles.com\/#\/schema\/logo\/image\/","url":"https:\/\/ecovelodesiles.com\/wp-content\/uploads\/2022\/08\/cropped-LogoMakr-2zoVgw.png","contentUrl":"https:\/\/ecovelodesiles.com\/wp-content\/uploads\/2022\/08\/cropped-LogoMakr-2zoVgw.png","width":199,"height":112,"caption":"\u00c9co-v\u00e9lo des \u00eeles"},"image":{"@id":"https:\/\/ecovelodesiles.com\/#\/schema\/logo\/image\/"},"sameAs":["https:\/\/www.facebook.com\/ecovelodesiles","https:\/\/www.instagram.com\/eco_velo_des_iles\/?hl=en"]}]}},"_links":{"self":[{"href":"https:\/\/ecovelodesiles.com\/en\/wp-json\/wp\/v2\/pages\/2887","targetHints":{"allow":["GET"]}}],"collection":[{"href":"https:\/\/ecovelodesiles.com\/en\/wp-json\/wp\/v2\/pages"}],"about":[{"href":"https:\/\/ecovelodesiles.com\/en\/wp-json\/wp\/v2\/types\/page"}],"author":[{"embeddable":true,"href":"https:\/\/ecovelodesiles.com\/en\/wp-json\/wp\/v2\/users\/2"}],"replies":[{"embeddable":true,"href":"https:\/\/ecovelodesiles.com\/en\/wp-json\/wp\/v2\/comments?post=2887"}],"version-history":[{"count":5,"href":"https:\/\/ecovelodesiles.com\/en\/wp-json\/wp\/v2\/pages\/2887\/revisions"}],"predecessor-version":[{"id":3871,"href":"https:\/\/ecovelodesiles.com\/en\/wp-json\/wp\/v2\/pages\/2887\/revisions\/3871"}],"wp:attachment":[{"href":"https:\/\/ecovelodesiles.com\/en\/wp-json\/wp\/v2\/media?parent=2887"}],"curies":[{"name":"wp","href":"https:\/\/api.w.org\/{rel}","templated":true}]}}