{"id":16,"date":"2024-02-28T15:14:44","date_gmt":"2024-02-28T15:14:44","guid":{"rendered":"https:\/\/ecovelodesiles.com\/?page_id=16"},"modified":"2026-01-09T20:35:34","modified_gmt":"2026-01-09T20:35:34","slug":"nous-joindre","status":"publish","type":"page","link":"https:\/\/ecovelodesiles.com\/en\/nous-joindre\/","title":{"rendered":"Contact"},"content":{"rendered":"<div data-elementor-type=\"wp-page\" data-elementor-id=\"16\" class=\"elementor elementor-16\">\n\t\t\t\t\t\t<section class=\"elementor-section elementor-top-section elementor-element elementor-element-6713cc3 elementor-section-height-min-height elementor-section-boxed elementor-section-height-default elementor-section-items-middle\" data-id=\"6713cc3\" data-element_type=\"section\" data-e-type=\"section\" data-settings=\"{&quot;background_background&quot;:&quot;classic&quot;}\">\n\t\t\t\t\t\t\t<div class=\"elementor-background-overlay\"><\/div>\n\t\t\t\t\t\t\t<div class=\"elementor-container elementor-column-gap-default\">\n\t\t\t\t\t<div class=\"elementor-column elementor-col-100 elementor-top-column elementor-element elementor-element-ddcf7e8\" data-id=\"ddcf7e8\" data-element_type=\"column\" data-e-type=\"column\">\n\t\t\t<div class=\"elementor-widget-wrap elementor-element-populated\">\n\t\t\t\t\t\t<div class=\"elementor-element elementor-element-9654805 elementor-widget elementor-widget-heading\" data-id=\"9654805\" data-element_type=\"widget\" data-e-type=\"widget\" data-widget_type=\"heading.default\">\n\t\t\t\t<div class=\"elementor-widget-container\">\n\t\t\t\t\t<h1 class=\"elementor-heading-title elementor-size-default\">Contact<\/h1>\t\t\t\t<\/div>\n\t\t\t\t<\/div>\n\t\t\t\t\t<\/div>\n\t\t<\/div>\n\t\t\t\t\t<\/div>\n\t\t<\/section>\n\t\t\t\t<section class=\"elementor-section elementor-top-section elementor-element elementor-element-67f828f elementor-section-boxed elementor-section-height-default elementor-section-height-default\" data-id=\"67f828f\" data-element_type=\"section\" data-e-type=\"section\" data-settings=\"{&quot;background_background&quot;:&quot;classic&quot;}\">\n\t\t\t\t\t\t<div class=\"elementor-container elementor-column-gap-default\">\n\t\t\t\t\t<div class=\"elementor-column elementor-col-100 elementor-top-column elementor-element elementor-element-c2e76a9\" data-id=\"c2e76a9\" data-element_type=\"column\" data-e-type=\"column\">\n\t\t\t<div class=\"elementor-widget-wrap elementor-element-populated\">\n\t\t\t\t\t\t<section class=\"elementor-section elementor-inner-section elementor-element elementor-element-59cf71f elementor-reverse-mobile elementor-section-boxed elementor-section-height-default elementor-section-height-default\" data-id=\"59cf71f\" data-element_type=\"section\" data-e-type=\"section\">\n\t\t\t\t\t\t<div class=\"elementor-container elementor-column-gap-default\">\n\t\t\t\t\t<div class=\"elementor-column elementor-col-50 elementor-inner-column elementor-element elementor-element-fa3a30c\" data-id=\"fa3a30c\" data-element_type=\"column\" data-e-type=\"column\">\n\t\t\t<div class=\"elementor-widget-wrap elementor-element-populated\">\n\t\t\t\t\t\t<div class=\"elementor-element elementor-element-b29413d elementor-widget elementor-widget-heading\" data-id=\"b29413d\" data-element_type=\"widget\" data-e-type=\"widget\" data-widget_type=\"heading.default\">\n\t\t\t\t<div class=\"elementor-widget-container\">\n\t\t\t\t\t<h3 class=\"elementor-heading-title elementor-size-default\">Contact us !<\/h3>\t\t\t\t<\/div>\n\t\t\t\t<\/div>\n\t\t\t\t<div class=\"elementor-element elementor-element-ce3153c elementor-position-inline-start elementor-view-default elementor-mobile-position-block-start elementor-widget elementor-widget-icon-box\" data-id=\"ce3153c\" data-element_type=\"widget\" data-e-type=\"widget\" data-widget_type=\"icon-box.default\">\n\t\t\t\t<div class=\"elementor-widget-container\">\n\t\t\t\t\t\t\t<div class=\"elementor-icon-box-wrapper\">\n\n\t\t\t\t\t\t<div class=\"elementor-icon-box-icon\">\n\t\t\t\t<span  class=\"elementor-icon\">\n\t\t\t\t<i aria-hidden=\"true\" class=\"far fa-envelope\"><\/i>\t\t\t\t<\/span>\n\t\t\t<\/div>\n\t\t\t\n\t\t\t\t\t\t<div class=\"elementor-icon-box-content\">\n\n\t\t\t\t\t\t\t\t\t<h6 class=\"elementor-icon-box-title\">\n\t\t\t\t\t\t<span  >\n\t\t\t\t\t\t\tEMAIL \t\t\t\t\t\t<\/span>\n\t\t\t\t\t<\/h6>\n\t\t\t\t\n\t\t\t\t\t\t\t\t\t<p class=\"elementor-icon-box-description\">\n\t\t\t\t\t\tbvigneault@hotmail.com\t\t\t\t\t<\/p>\n\t\t\t\t\n\t\t\t<\/div>\n\t\t\t\n\t\t<\/div>\n\t\t\t\t\t\t<\/div>\n\t\t\t\t<\/div>\n\t\t\t\t<div class=\"elementor-element elementor-element-9b19864 elementor-position-inline-start elementor-view-default elementor-mobile-position-block-start elementor-widget elementor-widget-icon-box\" data-id=\"9b19864\" data-element_type=\"widget\" data-e-type=\"widget\" data-widget_type=\"icon-box.default\">\n\t\t\t\t<div class=\"elementor-widget-container\">\n\t\t\t\t\t\t\t<div class=\"elementor-icon-box-wrapper\">\n\n\t\t\t\t\t\t<div class=\"elementor-icon-box-icon\">\n\t\t\t\t<span  class=\"elementor-icon\">\n\t\t\t\t<i aria-hidden=\"true\" class=\"fas fa-phone\"><\/i>\t\t\t\t<\/span>\n\t\t\t<\/div>\n\t\t\t\n\t\t\t\t\t\t<div class=\"elementor-icon-box-content\">\n\n\t\t\t\t\t\t\t\t\t<h6 class=\"elementor-icon-box-title\">\n\t\t\t\t\t\t<span  >\n\t\t\t\t\t\t\tPHONE\t\t\t\t\t\t<\/span>\n\t\t\t\t\t<\/h6>\n\t\t\t\t\n\t\t\t\t\t\t\t\t\t<p class=\"elementor-icon-box-description\">\n\t\t\t\t\t\t418-937-3795\t\t\t\t\t<\/p>\n\t\t\t\t\n\t\t\t<\/div>\n\t\t\t\n\t\t<\/div>\n\t\t\t\t\t\t<\/div>\n\t\t\t\t<\/div>\n\t\t\t\t<div class=\"elementor-element elementor-element-1184dd7 elementor-position-inline-start elementor-view-default elementor-mobile-position-block-start elementor-widget elementor-widget-icon-box\" data-id=\"1184dd7\" data-element_type=\"widget\" data-e-type=\"widget\" data-widget_type=\"icon-box.default\">\n\t\t\t\t<div class=\"elementor-widget-container\">\n\t\t\t\t\t\t\t<div class=\"elementor-icon-box-wrapper\">\n\n\t\t\t\t\t\t<div class=\"elementor-icon-box-icon\">\n\t\t\t\t<span  class=\"elementor-icon\">\n\t\t\t\t<i aria-hidden=\"true\" class=\"fas fa-home\"><\/i>\t\t\t\t<\/span>\n\t\t\t<\/div>\n\t\t\t\n\t\t\t\t\t\t<div class=\"elementor-icon-box-content\">\n\n\t\t\t\t\t\t\t\t\t<h6 class=\"elementor-icon-box-title\">\n\t\t\t\t\t\t<span  >\n\t\t\t\t\t\t\tMAIN BRANCH\t\t\t\t\t\t<\/span>\n\t\t\t\t\t<\/h6>\n\t\t\t\t\n\t\t\t\t\t\t\t\t\t<p class=\"elementor-icon-box-description\">\n\t\t\t\t\t\t1733, chemin de l'\u00c9tang-du-Nord, \u00c9tang-du-Nord, G4T 3C3\t\t\t\t\t<\/p>\n\t\t\t\t\n\t\t\t<\/div>\n\t\t\t\n\t\t<\/div>\n\t\t\t\t\t\t<\/div>\n\t\t\t\t<\/div>\n\t\t\t\t<div class=\"elementor-element elementor-element-c7d043c elementor-shape-circle e-grid-align-left e-grid-align-mobile-center elementor-grid-0 elementor-widget elementor-widget-social-icons\" data-id=\"c7d043c\" data-element_type=\"widget\" data-e-type=\"widget\" data-widget_type=\"social-icons.default\">\n\t\t\t\t<div class=\"elementor-widget-container\">\n\t\t\t\t\t\t\t<div class=\"elementor-social-icons-wrapper elementor-grid\" role=\"list\">\n\t\t\t\t\t\t\t<span class=\"elementor-grid-item\" role=\"listitem\">\n\t\t\t\t\t<a class=\"elementor-icon elementor-social-icon elementor-social-icon-facebook elementor-repeater-item-cd548ac\" href=\"https:\/\/www.facebook.com\/ecovelodesiles\" target=\"_blank\">\n\t\t\t\t\t\t<span class=\"elementor-screen-only\">Facebook<\/span>\n\t\t\t\t\t\t<i aria-hidden=\"true\" class=\"fab fa-facebook\"><\/i>\t\t\t\t\t<\/a>\n\t\t\t\t<\/span>\n\t\t\t\t\t\t\t<span class=\"elementor-grid-item\" role=\"listitem\">\n\t\t\t\t\t<a class=\"elementor-icon elementor-social-icon elementor-social-icon-instagram elementor-repeater-item-67346b3\" href=\"https:\/\/www.instagram.com\/eco_velo_des_iles\/\" target=\"_blank\">\n\t\t\t\t\t\t<span class=\"elementor-screen-only\">Instagram<\/span>\n\t\t\t\t\t\t<i aria-hidden=\"true\" class=\"fab fa-instagram\"><\/i>\t\t\t\t\t<\/a>\n\t\t\t\t<\/span>\n\t\t\t\t\t<\/div>\n\t\t\t\t\t\t<\/div>\n\t\t\t\t<\/div>\n\t\t\t\t\t<\/div>\n\t\t<\/div>\n\t\t\t\t<div class=\"elementor-column elementor-col-50 elementor-inner-column elementor-element elementor-element-a389ae0\" data-id=\"a389ae0\" data-element_type=\"column\" data-e-type=\"column\">\n\t\t\t<div class=\"elementor-widget-wrap elementor-element-populated\">\n\t\t\t\t\t\t<div class=\"elementor-element elementor-element-13ee27f elementor-widget elementor-widget-heading\" data-id=\"13ee27f\" data-element_type=\"widget\" data-e-type=\"widget\" data-widget_type=\"heading.default\">\n\t\t\t\t<div class=\"elementor-widget-container\">\n\t\t\t\t\t<h3 class=\"elementor-heading-title elementor-size-default\">Opening Hours<\/h3>\t\t\t\t<\/div>\n\t\t\t\t<\/div>\n\t\t\t\t<div class=\"elementor-element elementor-element-48abc73 elementor-widget elementor-widget-text-editor\" data-id=\"48abc73\" data-element_type=\"widget\" data-e-type=\"widget\" data-widget_type=\"text-editor.default\">\n\t\t\t\t<div class=\"elementor-widget-container\">\n\t\t\t\t\t\t\t\t\t<p><span style=\"text-decoration: underline;\">Horaire d&#8217;\u00e9t\u00e9<\/span>: Du 15 mai au 21 septembre<\/p>\n<p>Mardi au Samedi: 8h00 \u00e0 17h00<\/p>\n<p>Sunday: Closed<\/p>\n<p>Closed for the St-Jean-Baptiste (June 24th)<\/p>\n<p><br><\/p>\n<p><span style=\"text-decoration: underline;\">Horaire d&#8217;hiver<\/span>: Du 20 octobre au 14 mai<\/p>\n<p>Mardi au Samedi: 10h00 \u00e0 17h00<\/p>\n<p>Sunday and Monday: Closed<\/p>\t\t\t\t\t\t\t\t<\/div>\n\t\t\t\t<\/div>\n\t\t\t\t\t<\/div>\n\t\t<\/div>\n\t\t\t\t\t<\/div>\n\t\t<\/section>\n\t\t\t\t\t<\/div>\n\t\t<\/div>\n\t\t\t\t\t<\/div>\n\t\t<\/section>\n\t\t\t\t<section class=\"elementor-section elementor-top-section elementor-element elementor-element-7a41325 elementor-section-boxed elementor-section-height-default elementor-section-height-default\" data-id=\"7a41325\" data-element_type=\"section\" data-e-type=\"section\">\n\t\t\t\t\t\t<div class=\"elementor-container elementor-column-gap-default\">\n\t\t\t\t\t<div class=\"elementor-column elementor-col-100 elementor-top-column elementor-element elementor-element-d6bac37\" data-id=\"d6bac37\" data-element_type=\"column\" data-e-type=\"column\">\n\t\t\t<div class=\"elementor-widget-wrap elementor-element-populated\">\n\t\t\t\t\t\t<div class=\"elementor-element elementor-element-12a0ca9 elementor-widget elementor-widget-google_maps\" data-id=\"12a0ca9\" data-element_type=\"widget\" data-e-type=\"widget\" data-widget_type=\"google_maps.default\">\n\t\t\t\t<div class=\"elementor-widget-container\">\n\t\t\t\t\t\t\t<div class=\"elementor-custom-embed\">\n\t\t\t<iframe loading=\"lazy\"\n\t\t\t\t\tsrc=\"https:\/\/maps.google.com\/maps?q=%C3%A9co-v%C3%A9lo%20des%20iles&#038;t=m&#038;z=12&#038;output=embed&#038;iwloc=near\"\n\t\t\t\t\ttitle=\"\u00e9co-v\u00e9lo des iles\"\n\t\t\t\t\taria-label=\"\u00e9co-v\u00e9lo des iles\"\n\t\t\t><\/iframe>\n\t\t<\/div>\n\t\t\t\t\t\t<\/div>\n\t\t\t\t<\/div>\n\t\t\t\t\t<\/div>\n\t\t<\/div>\n\t\t\t\t\t<\/div>\n\t\t<\/section>\n\t\t\t\t<\/div>","protected":false},"excerpt":{"rendered":"<p>Nous Joindre Contactez-nous ici! EMAIL bvigneault@hotmail.com T\u00c9L\u00c9PHONE 418-937-3795 SUCCURSALE PRINCIPALE 1733, chemin de l&#8217;\u00c9tang-du-Nord, \u00c9tang-du-Nord, G4T 3C3 Facebook Instagram Heures d&#8217;ouvertures Horaire d&#8217;\u00e9t\u00e9: Du 15 mai au 21 septembre Mardi au Samedi: 8h00 \u00e0 17h00 Dimanche: Ferm\u00e9 Ferm\u00e9 le jour de la St-jean-Baptiste (24 juin) Horaire d&#8217;hiver: Du 20 octobre au 14 mai Mardi au [&hellip;]<\/p>\n","protected":false},"author":1,"featured_media":0,"parent":0,"menu_order":0,"comment_status":"closed","ping_status":"closed","template":"","meta":{"nf_dc_page":"","site-sidebar-layout":"no-sidebar","site-content-layout":"page-builder","ast-site-content-layout":"full-width-container","site-content-style":"unboxed","site-sidebar-style":"unboxed","ast-global-header-display":"","ast-banner-title-visibility":"","ast-main-header-display":"","ast-hfb-above-header-display":"","ast-hfb-below-header-display":"","ast-hfb-mobile-header-display":"","site-post-title":"disabled","ast-breadcrumbs-content":"","ast-featured-img":"disabled","footer-sml-layout":"","ast-disable-related-posts":"","theme-transparent-header-meta":"enabled","adv-header-id-meta":"","stick-header-meta":"","header-above-stick-meta":"","header-main-stick-meta":"","header-below-stick-meta":"","astra-migrate-meta-layouts":"set","ast-page-background-enabled":"default","ast-page-background-meta":{"desktop":{"background-color":"var(--ast-global-color-4)","background-image":"","background-repeat":"repeat","background-position":"center center","background-size":"auto","background-attachment":"scroll","background-type":"","background-media":"","overlay-type":"","overlay-color":"","overlay-opacity":"","overlay-gradient":""},"tablet":{"background-color":"","background-image":"","background-repeat":"repeat","background-position":"center center","background-size":"auto","background-attachment":"scroll","background-type":"","background-media":"","overlay-type":"","overlay-color":"","overlay-opacity":"","overlay-gradient":""},"mobile":{"background-color":"","background-image":"","background-repeat":"repeat","background-position":"center center","background-size":"auto","background-attachment":"scroll","background-type":"","background-media":"","overlay-type":"","overlay-color":"","overlay-opacity":"","overlay-gradient":""}},"ast-content-background-meta":{"desktop":{"background-color":"var(--ast-global-color-5)","background-image":"","background-repeat":"repeat","background-position":"center center","background-size":"auto","background-attachment":"scroll","background-type":"","background-media":"","overlay-type":"","overlay-color":"","overlay-opacity":"","overlay-gradient":""},"tablet":{"background-color":"var(--ast-global-color-5)","background-image":"","background-repeat":"repeat","background-position":"center center","background-size":"auto","background-attachment":"scroll","background-type":"","background-media":"","overlay-type":"","overlay-color":"","overlay-opacity":"","overlay-gradient":""},"mobile":{"background-color":"var(--ast-global-color-5)","background-image":"","background-repeat":"repeat","background-position":"center center","background-size":"auto","background-attachment":"scroll","background-type":"","background-media":"","overlay-type":"","overlay-color":"","overlay-opacity":"","overlay-gradient":""}},"footnotes":""},"class_list":["post-16","page","type-page","status-publish","hentry"],"yoast_head":"<!-- This site is optimized with the Yoast SEO plugin v27.4 - https:\/\/yoast.com\/product\/yoast-seo-wordpress\/ -->\n<title>Nous Joindre | \u00c9co-v\u00e9lo des \u00eeles<\/title>\n<meta name=\"description\" content=\"Pour nous joindre: T\u00e9l\u00e9phone: 418-937-3795 | Adresse principale: 1733 chemin de l&#039;\u00c9tang-du-Nord | Courriel: bvigneault@hotmail.com\" \/>\n<meta name=\"robots\" content=\"index, follow, max-snippet:-1, max-image-preview:large, max-video-preview:-1\" \/>\n<link rel=\"canonical\" href=\"https:\/\/ecovelodesiles.com\/en\/nous-joindre\/\" \/>\n<meta property=\"og:locale\" content=\"en_US\" \/>\n<meta property=\"og:type\" content=\"article\" \/>\n<meta property=\"og:title\" content=\"Nous Joindre | \u00c9co-v\u00e9lo des \u00eeles\" \/>\n<meta property=\"og:description\" content=\"Pour nous joindre: T\u00e9l\u00e9phone: 418-937-3795 | Adresse principale: 1733 chemin de l&#039;\u00c9tang-du-Nord | Courriel: bvigneault@hotmail.com\" \/>\n<meta property=\"og:url\" content=\"https:\/\/ecovelodesiles.com\/en\/nous-joindre\/\" \/>\n<meta property=\"og:site_name\" content=\"\u00c9co-v\u00e9lo des \u00eeles\" \/>\n<meta property=\"article:publisher\" content=\"https:\/\/www.facebook.com\/ecovelodesiles\" \/>\n<meta property=\"article:modified_time\" content=\"2026-01-09T20:35:34+00:00\" \/>\n<meta name=\"twitter:card\" content=\"summary_large_image\" \/>\n<script type=\"application\/ld+json\" class=\"yoast-schema-graph\">{\"@context\":\"https:\\\/\\\/schema.org\",\"@graph\":[{\"@type\":\"WebPage\",\"@id\":\"https:\\\/\\\/ecovelodesiles.com\\\/nous-joindre\\\/\",\"url\":\"https:\\\/\\\/ecovelodesiles.com\\\/nous-joindre\\\/\",\"name\":\"Nous Joindre | \u00c9co-v\u00e9lo des \u00eeles\",\"isPartOf\":{\"@id\":\"https:\\\/\\\/ecovelodesiles.com\\\/#website\"},\"datePublished\":\"2024-02-28T15:14:44+00:00\",\"dateModified\":\"2026-01-09T20:35:34+00:00\",\"description\":\"Pour nous joindre: T\u00e9l\u00e9phone: 418-937-3795 | Adresse principale: 1733 chemin de l'\u00c9tang-du-Nord | Courriel: bvigneault@hotmail.com\",\"breadcrumb\":{\"@id\":\"https:\\\/\\\/ecovelodesiles.com\\\/nous-joindre\\\/#breadcrumb\"},\"inLanguage\":\"en-CA\",\"potentialAction\":[{\"@type\":\"ReadAction\",\"target\":[\"https:\\\/\\\/ecovelodesiles.com\\\/nous-joindre\\\/\"]}]},{\"@type\":\"BreadcrumbList\",\"@id\":\"https:\\\/\\\/ecovelodesiles.com\\\/nous-joindre\\\/#breadcrumb\",\"itemListElement\":[{\"@type\":\"ListItem\",\"position\":1,\"name\":\"Home\",\"item\":\"https:\\\/\\\/ecovelodesiles.com\\\/\"},{\"@type\":\"ListItem\",\"position\":2,\"name\":\"Nous Joindre\"}]},{\"@type\":\"WebSite\",\"@id\":\"https:\\\/\\\/ecovelodesiles.com\\\/#website\",\"url\":\"https:\\\/\\\/ecovelodesiles.com\\\/\",\"name\":\"\u00c9co-v\u00e9lo des \u00eeles\",\"description\":\"Location et vente de v\u00e9lo \u00e0 assistance \u00e9lectrique\",\"publisher\":{\"@id\":\"https:\\\/\\\/ecovelodesiles.com\\\/#organization\"},\"potentialAction\":[{\"@type\":\"SearchAction\",\"target\":{\"@type\":\"EntryPoint\",\"urlTemplate\":\"https:\\\/\\\/ecovelodesiles.com\\\/?s={search_term_string}\"},\"query-input\":{\"@type\":\"PropertyValueSpecification\",\"valueRequired\":true,\"valueName\":\"search_term_string\"}}],\"inLanguage\":\"en-CA\"},{\"@type\":\"Organization\",\"@id\":\"https:\\\/\\\/ecovelodesiles.com\\\/#organization\",\"name\":\"\u00c9co-v\u00e9lo des \u00eeles\",\"url\":\"https:\\\/\\\/ecovelodesiles.com\\\/\",\"logo\":{\"@type\":\"ImageObject\",\"inLanguage\":\"en-CA\",\"@id\":\"https:\\\/\\\/ecovelodesiles.com\\\/#\\\/schema\\\/logo\\\/image\\\/\",\"url\":\"https:\\\/\\\/ecovelodesiles.com\\\/wp-content\\\/uploads\\\/2022\\\/08\\\/cropped-LogoMakr-2zoVgw.png\",\"contentUrl\":\"https:\\\/\\\/ecovelodesiles.com\\\/wp-content\\\/uploads\\\/2022\\\/08\\\/cropped-LogoMakr-2zoVgw.png\",\"width\":199,\"height\":112,\"caption\":\"\u00c9co-v\u00e9lo des \u00eeles\"},\"image\":{\"@id\":\"https:\\\/\\\/ecovelodesiles.com\\\/#\\\/schema\\\/logo\\\/image\\\/\"},\"sameAs\":[\"https:\\\/\\\/www.facebook.com\\\/ecovelodesiles\",\"https:\\\/\\\/www.instagram.com\\\/eco_velo_des_iles\\\/?hl=en\"]}]}<\/script>\n<!-- \/ Yoast SEO plugin. -->","yoast_head_json":{"title":"Nous Joindre | \u00c9co-v\u00e9lo des \u00eeles","description":"Pour nous joindre: T\u00e9l\u00e9phone: 418-937-3795 | Adresse principale: 1733 chemin de l'\u00c9tang-du-Nord | Courriel: bvigneault@hotmail.com","robots":{"index":"index","follow":"follow","max-snippet":"max-snippet:-1","max-image-preview":"max-image-preview:large","max-video-preview":"max-video-preview:-1"},"canonical":"https:\/\/ecovelodesiles.com\/en\/nous-joindre\/","og_locale":"en_US","og_type":"article","og_title":"Nous Joindre | \u00c9co-v\u00e9lo des \u00eeles","og_description":"Pour nous joindre: T\u00e9l\u00e9phone: 418-937-3795 | Adresse principale: 1733 chemin de l'\u00c9tang-du-Nord | Courriel: bvigneault@hotmail.com","og_url":"https:\/\/ecovelodesiles.com\/en\/nous-joindre\/","og_site_name":"\u00c9co-v\u00e9lo des \u00eeles","article_publisher":"https:\/\/www.facebook.com\/ecovelodesiles","article_modified_time":"2026-01-09T20:35:34+00:00","twitter_card":"summary_large_image","schema":{"@context":"https:\/\/schema.org","@graph":[{"@type":"WebPage","@id":"https:\/\/ecovelodesiles.com\/nous-joindre\/","url":"https:\/\/ecovelodesiles.com\/nous-joindre\/","name":"Nous Joindre | \u00c9co-v\u00e9lo des \u00eeles","isPartOf":{"@id":"https:\/\/ecovelodesiles.com\/#website"},"datePublished":"2024-02-28T15:14:44+00:00","dateModified":"2026-01-09T20:35:34+00:00","description":"Pour nous joindre: T\u00e9l\u00e9phone: 418-937-3795 | Adresse principale: 1733 chemin de l'\u00c9tang-du-Nord | Courriel: bvigneault@hotmail.com","breadcrumb":{"@id":"https:\/\/ecovelodesiles.com\/nous-joindre\/#breadcrumb"},"inLanguage":"en-CA","potentialAction":[{"@type":"ReadAction","target":["https:\/\/ecovelodesiles.com\/nous-joindre\/"]}]},{"@type":"BreadcrumbList","@id":"https:\/\/ecovelodesiles.com\/nous-joindre\/#breadcrumb","itemListElement":[{"@type":"ListItem","position":1,"name":"Home","item":"https:\/\/ecovelodesiles.com\/"},{"@type":"ListItem","position":2,"name":"Nous Joindre"}]},{"@type":"WebSite","@id":"https:\/\/ecovelodesiles.com\/#website","url":"https:\/\/ecovelodesiles.com\/","name":"\u00c9co-v\u00e9lo des \u00eeles","description":"Location et vente de v\u00e9lo \u00e0 assistance \u00e9lectrique","publisher":{"@id":"https:\/\/ecovelodesiles.com\/#organization"},"potentialAction":[{"@type":"SearchAction","target":{"@type":"EntryPoint","urlTemplate":"https:\/\/ecovelodesiles.com\/?s={search_term_string}"},"query-input":{"@type":"PropertyValueSpecification","valueRequired":true,"valueName":"search_term_string"}}],"inLanguage":"en-CA"},{"@type":"Organization","@id":"https:\/\/ecovelodesiles.com\/#organization","name":"\u00c9co-v\u00e9lo des \u00eeles","url":"https:\/\/ecovelodesiles.com\/","logo":{"@type":"ImageObject","inLanguage":"en-CA","@id":"https:\/\/ecovelodesiles.com\/#\/schema\/logo\/image\/","url":"https:\/\/ecovelodesiles.com\/wp-content\/uploads\/2022\/08\/cropped-LogoMakr-2zoVgw.png","contentUrl":"https:\/\/ecovelodesiles.com\/wp-content\/uploads\/2022\/08\/cropped-LogoMakr-2zoVgw.png","width":199,"height":112,"caption":"\u00c9co-v\u00e9lo des \u00eeles"},"image":{"@id":"https:\/\/ecovelodesiles.com\/#\/schema\/logo\/image\/"},"sameAs":["https:\/\/www.facebook.com\/ecovelodesiles","https:\/\/www.instagram.com\/eco_velo_des_iles\/?hl=en"]}]}},"_links":{"self":[{"href":"https:\/\/ecovelodesiles.com\/en\/wp-json\/wp\/v2\/pages\/16","targetHints":{"allow":["GET"]}}],"collection":[{"href":"https:\/\/ecovelodesiles.com\/en\/wp-json\/wp\/v2\/pages"}],"about":[{"href":"https:\/\/ecovelodesiles.com\/en\/wp-json\/wp\/v2\/types\/page"}],"author":[{"embeddable":true,"href":"https:\/\/ecovelodesiles.com\/en\/wp-json\/wp\/v2\/users\/1"}],"replies":[{"embeddable":true,"href":"https:\/\/ecovelodesiles.com\/en\/wp-json\/wp\/v2\/comments?post=16"}],"version-history":[{"count":5,"href":"https:\/\/ecovelodesiles.com\/en\/wp-json\/wp\/v2\/pages\/16\/revisions"}],"predecessor-version":[{"id":4103,"href":"https:\/\/ecovelodesiles.com\/en\/wp-json\/wp\/v2\/pages\/16\/revisions\/4103"}],"wp:attachment":[{"href":"https:\/\/ecovelodesiles.com\/en\/wp-json\/wp\/v2\/media?parent=16"}],"curies":[{"name":"wp","href":"https:\/\/api.w.org\/{rel}","templated":true}]}}